{"id":375,"date":"2026-02-20T15:12:48","date_gmt":"2026-02-20T15:12:48","guid":{"rendered":"https:\/\/ghouar-art.com\/?page_id=375"},"modified":"2026-02-20T18:04:07","modified_gmt":"2026-02-20T18:04:07","slug":"expositions","status":"publish","type":"page","link":"https:\/\/ghouar-art.com\/index.php\/expositions\/","title":{"rendered":"Expositions"},"content":{"rendered":"\n<figure class=\"wp-block-image size-large\"><img fetchpriority=\"high\" decoding=\"async\" width=\"1024\" height=\"683\" src=\"https:\/\/ghouar-art.com\/wp-content\/uploads\/2026\/02\/190510-Vernissage-Ghouar-009-1024x683.jpg\" alt=\"\" class=\"wp-image-381\" srcset=\"https:\/\/ghouar-art.com\/wp-content\/uploads\/2026\/02\/190510-Vernissage-Ghouar-009-1024x683.jpg 1024w, https:\/\/ghouar-art.com\/wp-content\/uploads\/2026\/02\/190510-Vernissage-Ghouar-009-300x200.jpg 300w, https:\/\/ghouar-art.com\/wp-content\/uploads\/2026\/02\/190510-Vernissage-Ghouar-009-768x512.jpg 768w, https:\/\/ghouar-art.com\/wp-content\/uploads\/2026\/02\/190510-Vernissage-Ghouar-009-1536x1024.jpg 1536w, https:\/\/ghouar-art.com\/wp-content\/uploads\/2026\/02\/190510-Vernissage-Ghouar-009.jpg 1992w\" sizes=\"(max-width: 1024px) 100vw, 1024px\" \/><\/figure>\n\n\n\n<ul class=\"wp-block-list\">\n<li>Mai&nbsp; 2024&nbsp; Espace les Ranchisse &#8211; ( Ard\u00e8che )<\/li>\n\n\n\n<li>Avril&nbsp;&nbsp;2024&nbsp; Chateau Pradelle &#8211;&nbsp; Bourg Saint Audiol &#8211; ( Ard\u00e8che )<\/li>\n\n\n\n<li>F\u00e9vrier 2024&nbsp; Espace d&#8217;art &#8211; Chom\u00e9rac&nbsp; (Ard\u00e8che)<\/li>\n\n\n\n<li>Novem 2023&nbsp; Galerie Art and Co &#8211; Bagnols sur ceze &#8211; (Gard )<\/li>\n\n\n\n<li>Juillet&nbsp; 2023 &#8211; Le Clos Saint Roch &#8211; Viviers &#8211;&nbsp; ( Ard\u00e8che )<\/li>\n\n\n\n<li>Juillet 2021 &#8211; Eglise Romane -Balazuc &#8211; (Ardeche)<\/li>\n\n\n\n<li>Mars 2020 &#8211; Salon Art3f &#8211; Toulouse (Haute-Garonne)<\/li>\n\n\n\n<li>Mai&nbsp; 2019&nbsp;&#8211; Salle volane &#8211; ( Ard\u00e8che)<\/li>\n\n\n\n<li>Avril 2019 &#8211;<strong>&nbsp;&nbsp;<\/strong>Rencontre Orient-Occident Casablanca &#8211;&nbsp; (Maroc)<\/li>\n\n\n\n<li>Avril 2019 &#8211; Art Nordic Compenhague &#8211;&nbsp; (Denmark )<\/li>\n\n\n\n<li>Sept 2018 &#8211;&nbsp;&nbsp;Galerie la tour de Montsal\u00e8s &#8211; &nbsp; (Aveyron)<\/li>\n\n\n\n<li>Aout 2018 &#8211; Art&#8217;sommieres&nbsp; Sommiere &#8211;&nbsp; (Gard)&nbsp;<\/li>\n\n\n\n<li>juin&nbsp; 2018&nbsp; &#8211; Artoulouse&#8217;expo sing suing Toulouse &#8211;&nbsp; (Haute-Garonne)<\/li>\n\n\n\n<li>Mai&nbsp; 2018<strong>&nbsp;&nbsp;<\/strong>&#8211; Sm&#8217;art Aix en provence&nbsp; &#8211; ( Bouches-du-Rh\u00f4ne )<\/li>\n\n\n\n<li>Avril 2018 &#8211; Pyramid&#8217;art la grande motte &#8211;&nbsp; (Gard)<\/li>\n\n\n\n<li>Avril 2018 &#8211;&nbsp;Centre d&#8217;Art Espace Chabrillan &#8211; mont\u00e9limar&nbsp; &#8211; (Auvergne-Rhone-Alpes)<\/li>\n\n\n\n<li>Mars 2018 &#8211; salon d&#8217;artoulous&#8217;expo St Orens Toulouse &#8211; (Haute-Garonne)<\/li>\n\n\n\n<li>D\u00e9ce 2017 &#8211; salon d&#8217;art et des antiquaires&nbsp; Nimes &#8211; ( Gard )<\/li>\n\n\n\n<li>Octo 2017 &#8211; Art&#8217;Mont-joie Toulouse&nbsp; &#8211; ( Haute-Garonne )<\/li>\n\n\n\n<li>Octo 2017 &#8211; Invit\u00e9 d&#8217;honneur salon d&#8217;art Castelsarrasin &#8211;&nbsp; ( Tarn et Garonne)<\/li>\n\n\n\n<li>Nove 2017 &#8211; Invit\u00e9 d&#8217;honneur salon d&#8217;art le Teil&nbsp; &#8211;&nbsp; (Ard\u00e8che )<\/li>\n\n\n\n<li>Juillet 2017 &#8211; Salon d&#8217;Art Contemporain a Rodez &#8211;&nbsp; ( Aveyron )<\/li>\n\n\n\n<li>Mai&nbsp;&nbsp; 2017&nbsp;&#8211;&nbsp;Galerie&nbsp;l&#8217;Echappe des Sens &#8211; Toulouse &#8211; ( Haute-Garonne )<\/li>\n\n\n\n<li>Avril&nbsp; 2017 &#8211; Invit\u00e9 d&#8217;honneur salon d&#8217;art viviers &#8211; ( Ard\u00e8che )<\/li>\n\n\n\n<li>Mars 2017&nbsp;&#8211;&nbsp;Invit\u00e9 d&#8217;honneur Artoulouse&nbsp; &#8211; ( Haute-Garonne )<\/li>\n\n\n\n<li>Expositions personnelles<\/li>\n\n\n\n<li>Octobre 2016&nbsp;&#8211;&nbsp;Galerie&nbsp;l&#8217;Echappe des Sens &#8211; Toulouse&nbsp;&#8211;&nbsp; ( Haute-Garonne )<\/li>\n\n\n\n<li>Octobre 2016 &#8211; Salle Volane &#8211; Vals-les-Bains&nbsp; &#8211; ( Ard\u00e8che )<\/li>\n\n\n\n<li>Octobre 2016 &#8211; Ruoms &amp;&nbsp;Labeaume&nbsp; &#8211;&nbsp;( Ard\u00e8che )<\/li>\n\n\n\n<li>Septembre 2016&nbsp; &#8211; Espace Envol FOL &#8211; Privas&nbsp; ( Ard\u00e8che )<\/li>\n\n\n\n<li>Ao\u00fbt 2016 &#8211; H\u00f4tel Malmazet &#8211; Villeneuve-de-Berg&nbsp; &#8211; ( Ard\u00e8che )<\/li>\n\n\n\n<li>Ao\u00fbt 2015&nbsp;&#8211; DAFG &amp; SAT&nbsp;&#8211; Berlin &#8211;&nbsp; ( Allemagne )<\/li>\n\n\n\n<li>Juin&nbsp;2015&nbsp;&#8211; Galerie du Bourdaric&nbsp; &#8211; ( Ard\u00e8che )<\/li>\n\n\n\n<li>F\u00e9vrier 2015&nbsp;&#8211; Galerie Leclerc &#8211; Gap ( Hautes-Alpes )<\/li>\n\n\n\n<li>Salons d&#8217;art<\/li>\n\n\n\n<li>Juillet 2016 &#8211; Project Art Map &#8211; Ponte de Lima&nbsp;(Portugal)<\/li>\n\n\n\n<li>Avril 2016&nbsp; &#8211; Pontiac Creative Arts Center&nbsp;&#8211; Michigan (USA)<\/li>\n\n\n\n<li>Mars 2016 &#8211; Artoulouse&nbsp;&#8211;&nbsp;Toulouse (Haute-Garonne)<\/li>\n\n\n\n<li>Juin 2015&nbsp;&#8211; Az&#8217;Arts &#8211;&nbsp;Aubenas (Ard\u00e8che)<\/li>\n\n\n\n<li>juin 2015 &#8211; Biennale 3 Mars &#8211; La Havane (Cuba)<\/li>\n\n\n\n<li>Mai 2015&nbsp;&#8211; Sm&#8217;Art &#8211;&nbsp;Aix-en-Provence (Bouches-du-Rh\u00f4ne)<\/li>\n\n\n\n<li>Edition<\/li>\n\n\n\n<li>2014&nbsp;&#8211; Livre d&#8217;artistes &#8220;L&#8217;Odyss\u00e9e des mots&#8221; &#8211; Editions du Bourdaric<\/li>\n\n\n\n<li>Expositions<\/li>\n\n\n\n<li>2014 &#8211; Minist\u00e8re des Finances &#8211; Bercy Paris 12e<\/li>\n\n\n\n<li>2014 &#8211;&nbsp;Centre culturel alg\u00e9rien &#8211; Paris 15e<\/li>\n\n\n\n<li>2014&nbsp;&#8211;&nbsp;Galerie du Bourdaric (Ard\u00e8che)<\/li>\n\n\n\n<li>2013 &#8211; Salle Volane &#8211; Vals-les-Bains (Ard\u00e8che)<\/li>\n\n\n\n<li>2012 &#8211; Les Sentiers du Rh\u00f4ne &#8211; Viviers (Ard\u00e8che)<\/li>\n\n\n\n<li>2011 &#8211; Galerie Exm\u00e0 &#8211; Cagliari (Italie)<\/li>\n\n\n\n<li>2010 &#8211; Galerie L&#8217;Etranger &#8211; Grenoble (Is\u00e8re)<\/li>\n\n\n\n<li>2009 &#8211; Salle Amal &#8211; Grenoble (Is\u00e8re)<\/li>\n\n\n\n<li>2008 &#8211; Galerie Arts et Pierre &#8211; Montboucher (Dr\u00f4me)<\/li>\n\n\n\n<li>2007&nbsp;&#8211; Ch\u00e2teau d&#8217;Aubenas (Ard\u00e8che)<\/li>\n\n\n\n<li>2005 &#8211; Espace 151 &#8211; Marsanne (Dr\u00f4me)<\/li>\n\n\n\n<li>2001 &#8211; Maison de la culture &#8211; Guelma (Alg\u00e9rie)<\/li>\n\n\n\n<li>1999 &#8211; Th\u00e9\u00e2tre r\u00e9gional d&#8217;Annaba (Alg\u00e9rie)<\/li>\n\n\n\n<li>1998 &#8211; Salle Isiekhem &#8211; Constantine (Alg\u00e9rie)<\/li>\n\n\n\n<li>1994 &#8211; Universit\u00e9 de Guelma (Alg\u00e9rie)<\/li>\n\n\n\n<li>1993 &#8211; Universit\u00e9 de Constantine (Alg\u00e9rie)<\/li>\n\n\n\n<li>1991 &#8211; Office de tourisme &#8211; Guelma (Alg\u00e9rie)<\/li>\n<\/ul>\n","protected":false},"excerpt":{"rendered":"","protected":false},"author":1,"featured_media":0,"parent":0,"menu_order":0,"comment_status":"closed","ping_status":"closed","template":"","meta":{"site-sidebar-layout":"default","site-content-layout":"","ast-site-content-layout":"default","site-content-style":"default","site-sidebar-style":"default","ast-global-header-display":"","ast-banner-title-visibility":"","ast-main-header-display":"","ast-hfb-above-header-display":"","ast-hfb-below-header-display":"","ast-hfb-mobile-header-display":"","site-post-title":"","ast-breadcrumbs-content":"","ast-featured-img":"","footer-sml-layout":"","ast-disable-related-posts":"","theme-transparent-header-meta":"","adv-header-id-meta":"","stick-header-meta":"","header-above-stick-meta":"","header-main-stick-meta":"","header-below-stick-meta":"","astra-migrate-meta-layouts":"default","ast-page-background-enabled":"default","ast-page-background-meta":{"desktop":{"background-color":"var(--ast-global-color-5)","background-image":"","background-repeat":"repeat","background-position":"center center","background-size":"auto","background-attachment":"scroll","background-type":"","background-media":"","overlay-type":"","overlay-color":"","overlay-opacity":"","overlay-gradient":""},"tablet":{"background-color":"","background-image":"","background-repeat":"repeat","background-position":"center center","background-size":"auto","background-attachment":"scroll","background-type":"","background-media":"","overlay-type":"","overlay-color":"","overlay-opacity":"","overlay-gradient":""},"mobile":{"background-color":"","background-image":"","background-repeat":"repeat","background-position":"center center","background-size":"auto","background-attachment":"scroll","background-type":"","background-media":"","overlay-type":"","overlay-color":"","overlay-opacity":"","overlay-gradient":""}},"ast-content-background-meta":{"desktop":{"background-color":"var(--ast-global-color-4)","background-image":"","background-repeat":"repeat","background-position":"center center","background-size":"auto","background-attachment":"scroll","background-type":"","background-media":"","overlay-type":"","overlay-color":"","overlay-opacity":"","overlay-gradient":""},"tablet":{"background-color":"var(--ast-global-color-4)","background-image":"","background-repeat":"repeat","background-position":"center center","background-size":"auto","background-attachment":"scroll","background-type":"","background-media":"","overlay-type":"","overlay-color":"","overlay-opacity":"","overlay-gradient":""},"mobile":{"background-color":"var(--ast-global-color-4)","background-image":"","background-repeat":"repeat","background-position":"center center","background-size":"auto","background-attachment":"scroll","background-type":"","background-media":"","overlay-type":"","overlay-color":"","overlay-opacity":"","overlay-gradient":""}},"footnotes":""},"class_list":["post-375","page","type-page","status-publish","hentry"],"_links":{"self":[{"href":"https:\/\/ghouar-art.com\/index.php\/wp-json\/wp\/v2\/pages\/375","targetHints":{"allow":["GET"]}}],"collection":[{"href":"https:\/\/ghouar-art.com\/index.php\/wp-json\/wp\/v2\/pages"}],"about":[{"href":"https:\/\/ghouar-art.com\/index.php\/wp-json\/wp\/v2\/types\/page"}],"author":[{"embeddable":true,"href":"https:\/\/ghouar-art.com\/index.php\/wp-json\/wp\/v2\/users\/1"}],"replies":[{"embeddable":true,"href":"https:\/\/ghouar-art.com\/index.php\/wp-json\/wp\/v2\/comments?post=375"}],"version-history":[{"count":2,"href":"https:\/\/ghouar-art.com\/index.php\/wp-json\/wp\/v2\/pages\/375\/revisions"}],"predecessor-version":[{"id":382,"href":"https:\/\/ghouar-art.com\/index.php\/wp-json\/wp\/v2\/pages\/375\/revisions\/382"}],"wp:attachment":[{"href":"https:\/\/ghouar-art.com\/index.php\/wp-json\/wp\/v2\/media?parent=375"}],"curies":[{"name":"wp","href":"https:\/\/api.w.org\/{rel}","templated":true}]}}